{"id":13,"date":"2021-05-19T21:35:26","date_gmt":"2021-05-19T21:35:26","guid":{"rendered":"https:\/\/www.schwarzmalen.nl\/50-50\/?page_id=13"},"modified":"2021-09-29T11:04:59","modified_gmt":"2021-09-29T11:04:59","slug":"100-vrouw-alkmaar","status":"publish","type":"page","link":"https:\/\/www.schwarzmalen.nl\/50-50\/100-vrouw-alkmaar\/","title":{"rendered":"100% vrouw Alkmaar"},"content":{"rendered":"<div id=\"themify_builder_content-13\" data-postid=\"13\" class=\"themify_builder_content themify_builder_content-13 themify_builder\">\n    \t<!-- module_row -->\n\t<div  class=\"themify_builder_row module_row clearfix module_row_0 themify_builder_13_row module_row_13-0 tb_2pcx975\">\n\t    \t    <div class=\"row_inner col_align_top gutter-none\" >\n\t\t\t<div  class=\"module_column tb-column col3-2 first tb_13_column module_column_0 module_column_13-0-0 tb_f15m976\">\n\t    \t    \t        <div class=\"tb-column-inner\">\n\t\t    <!-- module text -->\n<div  class=\"module module-text tb_4pcn976    \">\n            <div  class=\"tb_text_wrap\">\n    <div id=\"links\">\n<h1><img loading=\"lazy\" decoding=\"async\" class=\"size-full wp-image-17 alignleft\" src=\"https:\/\/www.schwarzmalen.nl\/50-50\/wp-content\/uploads\/100vrouw-pdf-212x300-1.jpg\" alt=\"\" width=\"212\" height=\"300\" \/><\/h1>\n<h1>100% vrouw<\/h1>\n<p>100% vrouw was a big international art exhibition &#8220;100% FEMALE&#8221; in the Grand Church of Alkmaar (35 Km north of Amsterdam). The international exhibition &#8220;100% FEMALE&#8221; aimed to correct the stereotypical representation of women. We wanted to reflect on a more realistic representation of the role women play in our societies. Not an activist-kind of exhibition, but a gentle action to give a face to the diversity of women in our societies. Not by banning artworks to the basement of our culture, but to add and complete.<\/p>\n<p>100 Female artists from all corners of this earth have shown their art in a stunning Mediaval church. The exhibition was accompanied with a programm of female singer-\/songwriters.<\/p>\n<p>October 24th -27th\u00a0 2019<br \/>Grand or St. Laurens Church Alkmaar<br \/>Koorstraat 2\u00a0<br \/>1811 GP Alkmaar<br \/>the Netherlands<br \/>entrance: \u20ac 10<\/p>\n<p><strong>Organisation<\/strong><br \/>Jeroen van Paassen \/ Stichting White Cube, Annemiek Klever en WomenLink<\/p>\n<p><strong>opening do. 24 okt. 18 -21u<br \/><\/strong>19.00 \u2013 19.10 preview performance Zoe Simon (UK) Pink Mermaid,<br \/>19.15 \u2013 19.40 opening, presentation DonnaTella Vergatsie,<br \/>19.45 \u2013 20.45 DJ Moth_Bzzz,<\/p>\n<p>vrij. 25 okt. 12 \u2013 18u<\/p>\n<p>za. 26 okt. 12 -18u<br \/>14.00 \u2013 14.15 performance Zoe Simon (UK) Pink Mermaid,<br \/>15.00 \u2013 15.10 performance Tamara Stone (Canada),<br \/>16.00 \u2013 17.30 singer\/songwriter Jasmine WG<\/p>\n<p>zo. 27 okt. 12 -18u<br \/>14.30 \u2013 15.30u debat;<br \/>mevr. M van Rossen (former mayor), Maaike Kardinaal (chairwoman Pride Alkmaar),<br \/>Naima Ajouaau (chairwoman Bureau Artikel 1 &amp; voorz. Rode Vrouwen), presentation Annemiek Klever<\/p>\n<p><a href=\"https:\/\/www.facebook.com\/groups\/100VROUW\" target=\"_blank\" rel=\"noopener\">https:\/\/www.facebook.com\/groups\/100VROUW<\/a><\/p>\n<\/div>    <\/div>\n<\/div>\n<!-- \/module text -->\n\t        <\/div>\n\t    \t<\/div>\n\t\t<div  class=\"module_column tb-column col3-1 last tb_13_column module_column_1 module_column_13-0-1 tb_mh0a976\">\n\t    \t    \t        <div class=\"tb-column-inner\">\n\t\t    <!-- module text -->\n<div  class=\"module module-text tb_iuy1977  repeat  \">\n            <div  class=\"tb_text_wrap\">\n    <h1>Deelnemers<\/h1>\n<div id=\"roze\">\n<table width=\"0\" cellspacing=\"0\" cellpadding=\"0\">\n<tbody>\n<tr>\n<td>Aino Rytk\u00f6nen<\/td>\n<td>Finland<\/td>\n<\/tr>\n<tr>\n<td>Amira Al-Sharif<\/td>\n<td>Jemen<\/td>\n<\/tr>\n<tr>\n<td>Anna Cone<\/td>\n<td>USA<\/td>\n<\/tr>\n<tr>\n<td>Anne-Louise Knudsen<\/td>\n<td>Denemarken<\/td>\n<\/tr>\n<tr>\n<td>Annelise Hewitt<\/td>\n<td>USA<\/td>\n<\/tr>\n<tr>\n<td>Ans Vianen<\/td>\n<td>NL<\/td>\n<\/tr>\n<tr>\n<td>Anthea Simmonds<\/td>\n<td>UK<\/td>\n<\/tr>\n<tr>\n<td>Astrid Moors<\/td>\n<td>NL<\/td>\n<\/tr>\n<tr>\n<td>Bregtje Zitman-Deelen<\/td>\n<td>NL<\/td>\n<\/tr>\n<tr>\n<td>Carly Schmidt-Brandelius<\/td>\n<td>USA<\/td>\n<\/tr>\n<tr>\n<td>Carmen Isasi<\/td>\n<td>Spanje<\/td>\n<\/tr>\n<tr>\n<td>Caro Krebietke<\/td>\n<td>USA<\/td>\n<\/tr>\n<tr>\n<td>Charlotta K.<\/td>\n<td>Finland<\/td>\n<\/tr>\n<tr>\n<td>Choi Wong<\/td>\n<td>China<\/td>\n<\/tr>\n<tr>\n<td>Christine Morren<\/td>\n<td>Belgi\u00eb<\/td>\n<\/tr>\n<tr>\n<td>Chrystl Rijkeboer<\/td>\n<td>NL<\/td>\n<\/tr>\n<tr>\n<td>Clara van den Hout<\/td>\n<td>NL<\/td>\n<\/tr>\n<tr>\n<td>Clare Hebert<\/td>\n<td>USA<\/td>\n<\/tr>\n<tr>\n<td>Claudia Breuer<\/td>\n<td>Duitsland<\/td>\n<\/tr>\n<tr>\n<td>Claudia Gr\u00fcnig<\/td>\n<td>Duitsland<\/td>\n<\/tr>\n<tr>\n<td>Irene Anton<\/td>\n<td>Duitsland<\/td>\n<\/tr>\n<tr>\n<td>Cora de Lang<\/td>\n<td>Argentini\u00eb<\/td>\n<\/tr>\n<tr>\n<td>Cristiana de Marchi<\/td>\n<td>Libanon<\/td>\n<\/tr>\n<tr>\n<td>Debbie Voerman<\/td>\n<td>NL<\/td>\n<\/tr>\n<tr>\n<td>Denise Fr\u00e9chet<\/td>\n<td>Frankrijk<\/td>\n<\/tr>\n<tr>\n<td>Diane Meyer<\/td>\n<td>USA<\/td>\n<\/tr>\n<tr>\n<td>Eca Eps<\/td>\n<td>Nigeria<\/td>\n<\/tr>\n<tr>\n<td>Edith van Campfoort<\/td>\n<td>NL<\/td>\n<\/tr>\n<tr>\n<td>Elizabeth Holmes &amp; Tamara Stone\u00a0<\/td>\n<td>USA<\/td>\n<\/tr>\n<tr>\n<td>Emma Nurminen<\/td>\n<td>Finland<\/td>\n<\/tr>\n<tr>\n<td>Esther Hans<\/td>\n<td>NL<\/td>\n<\/tr>\n<tr>\n<td>Evelien de Jong<\/td>\n<td>NL<\/td>\n<\/tr>\n<tr>\n<td>Fatima Jawdat<\/td>\n<td>Irak<\/td>\n<\/tr>\n<tr>\n<td>Fatimah Hossaini\u00a0\u00a0\u00a0\u00a0\u00a0\u00a0\u00a0\u00a0\u00a0\u00a0\u00a0\u00a0\u00a0\u00a0\u00a0\u00a0\u00a0\u00a0\u00a0\u00a0\u00a0\u00a0\u00a0\u00a0<\/td>\n<td>Afghanistan<\/td>\n<\/tr>\n<tr>\n<td>Froso Papadimitriou<\/td>\n<td>Griekenland<\/td>\n<\/tr>\n<tr>\n<td>Gaby Gardenas<\/td>\n<td>Ecuador<\/td>\n<\/tr>\n<tr>\n<td>G\u00edgja Reynisd\u00f3ttir<\/td>\n<td>IJsland<\/td>\n<\/tr>\n<tr>\n<td>Grietje Bouman<\/td>\n<td>NL<\/td>\n<\/tr>\n<tr>\n<td>Guda Koster<\/td>\n<td>NL<\/td>\n<\/tr>\n<tr>\n<td>Haitao Liu<\/td>\n<td>China<\/td>\n<\/tr>\n<tr>\n<td>Ilona Tala<\/td>\n<td>Finland<\/td>\n<\/tr>\n<tr>\n<td>Iris Poljan<\/td>\n<td>Kroati\u00eb<\/td>\n<\/tr>\n<tr>\n<td>Jasmine de Vries<\/td>\n<td>NL<\/td>\n<\/tr>\n<tr>\n<td>Jonna Pedersen<\/td>\n<td>Denemarken<\/td>\n<\/tr>\n<tr>\n<td>Jos\u00e9 Krijnen<\/td>\n<td>NL<\/td>\n<\/tr>\n<tr>\n<td>Joyce Overheul<\/td>\n<td>NL<\/td>\n<\/tr>\n<tr>\n<td>J\u00falia Kov\u00e1cs<\/td>\n<td>Kroati\u00eb<\/td>\n<\/tr>\n<tr>\n<td>Karin van Bodegom\u00a0\u00a0\u00a0\u00a0\u00a0\u00a0\u00a0\u00a0\u00a0\u00a0\u00a0\u00a0\u00a0\u00a0\u00a0\u00a0\u00a0\u00a0\u00a0\u00a0<\/td>\n<td>NL<\/td>\n<\/tr>\n<tr>\n<td>Karin van der Molen\u00a0\u00a0\u00a0\u00a0\u00a0\u00a0\u00a0\u00a0\u00a0\u00a0\u00a0\u00a0\u00a0\u00a0\u00a0\u00a0\u00a0\u00a0\u00a0\u00a0<\/td>\n<td>NL<\/td>\n<\/tr>\n<tr>\n<td>Kate Studley<\/td>\n<td>UK<\/td>\n<\/tr>\n<tr>\n<td>Katrine van Klaveren\u00a0\u00a0\u00a0\u00a0\u00a0\u00a0\u00a0\u00a0\u00a0\u00a0\u00a0\u00a0\u00a0\u00a0\u00a0\u00a0\u00a0\u00a0<\/td>\n<td>NL<\/td>\n<\/tr>\n<tr>\n<td>Kitty van der Veer<\/td>\n<td>NL<\/td>\n<\/tr>\n<tr>\n<td>Lasse (Ritva) Larsson<\/td>\n<td>Finland<\/td>\n<\/tr>\n<tr>\n<td>Laura Scheringa<\/td>\n<td>NL<\/td>\n<\/tr>\n<tr>\n<td>Laura van Dijk<\/td>\n<td>NL<\/td>\n<\/tr>\n<tr>\n<td>Leena Vainio<\/td>\n<td>Finland<\/td>\n<\/tr>\n<tr>\n<td>Lilith Love<\/td>\n<td>NL<\/td>\n<\/tr>\n<tr>\n<td>Lupe Godoy<\/td>\n<td>Spanje<\/td>\n<\/tr>\n<tr>\n<td>Manuela Corti<\/td>\n<td>Itali\u00eb<\/td>\n<\/tr>\n<tr>\n<td>Maren Hoch<\/td>\n<td>Duitsland<\/td>\n<\/tr>\n<tr>\n<td>Margo van der Pool<\/td>\n<td>NL<\/td>\n<\/tr>\n<tr>\n<td>Margriet van Engelen<\/td>\n<td>NL<\/td>\n<\/tr>\n<tr>\n<td>Mari Terauchi<\/td>\n<td>Japan<\/td>\n<\/tr>\n<tr>\n<td>Maria Korporal<\/td>\n<td>NL<\/td>\n<\/tr>\n<tr>\n<td>Maria Wolfram<\/td>\n<td>Finland<\/td>\n<\/tr>\n<tr>\n<td>Marija Kondres<\/td>\n<td>Kroati\u00eb<\/td>\n<\/tr>\n<tr>\n<td>Marja van Putten<\/td>\n<td>NL<\/td>\n<\/tr>\n<tr>\n<td>Mia Rantavaara &amp; \u2026<\/td>\n<td>Finland<\/td>\n<\/tr>\n<tr>\n<td>Mo Verlaan<\/td>\n<td>NL<\/td>\n<\/tr>\n<tr>\n<td>Monika Rathoff-Troll<\/td>\n<td>Duitsland<\/td>\n<\/tr>\n<tr>\n<td>Natana Rose<\/td>\n<td>USA<\/td>\n<\/tr>\n<tr>\n<td>Noa Zuidervaart<\/td>\n<td>NL<\/td>\n<\/tr>\n<tr>\n<td>Pernille Lonstrup<\/td>\n<td>Denemarken<\/td>\n<\/tr>\n<tr>\n<td>Petra Geiser<\/td>\n<td>Duitsland<\/td>\n<\/tr>\n<tr>\n<td>Petra Groen<\/td>\n<td>NL<\/td>\n<\/tr>\n<tr>\n<td>Phil Bosch<\/td>\n<td>NL<\/td>\n<\/tr>\n<tr>\n<td>Pike R\u00e4s\u00e4nen<\/td>\n<td>Finland<\/td>\n<\/tr>\n<tr>\n<td>Reggie Voigtl\u00e4nder<\/td>\n<td>NL<\/td>\n<\/tr>\n<tr>\n<td>Robin Kolleman<\/td>\n<td>NL<\/td>\n<\/tr>\n<tr>\n<td>Rolina Nell<\/td>\n<td>UK<\/td>\n<\/tr>\n<tr>\n<td>Rosalia Silfer<\/td>\n<td>Duitsland<\/td>\n<\/tr>\n<tr>\n<td>Saara Nurmi<\/td>\n<td>Finland<\/td>\n<\/tr>\n<tr>\n<td>Sabrina Shikhlinskaya<\/td>\n<td>Azerbeidzjan<\/td>\n<\/tr>\n<tr>\n<td>Sabrina Tacci<\/td>\n<td>Itali\u00eb<\/td>\n<\/tr>\n<tr>\n<td>Siiri Nevalainen<\/td>\n<td>Finland<\/td>\n<\/tr>\n<tr>\n<td>Sondra Schwetman<\/td>\n<td>Finland<\/td>\n<\/tr>\n<tr>\n<td>Susana Mulas Lastra<\/td>\n<td>Spanje<\/td>\n<\/tr>\n<tr>\n<td>Star Trauth<\/td>\n<td>USA<\/td>\n<\/tr>\n<tr>\n<td>Studio Kunst &amp; Beeld<\/td>\n<td>NL<\/td>\n<\/tr>\n<tr>\n<td>Talitha Schiffer<\/td>\n<td>NL<\/td>\n<\/tr>\n<tr>\n<td>Tatum Kempers<\/td>\n<td>NL<\/td>\n<\/tr>\n<tr>\n<td>Tisna Westerhof<\/td>\n<td>NL<\/td>\n<\/tr>\n<tr>\n<td>Viktoria Gudnadottir<\/td>\n<td>IJsland<\/td>\n<\/tr>\n<tr>\n<td>Vlasta Mijac<\/td>\n<td>Kroati\u00eb<\/td>\n<\/tr>\n<tr>\n<td>Ye\u015fim A\u011fao\u011flu<\/td>\n<td>Turkije<\/td>\n<\/tr>\n<tr>\n<td>Zara Aleksandrova<\/td>\n<td>Bulgarije<\/td>\n<\/tr>\n<tr>\n<td>Zen van Bommel<\/td>\n<td>NL<\/td>\n<\/tr>\n<tr>\n<td>Zhang Lanqian<\/td>\n<td>China<\/td>\n<\/tr>\n<tr>\n<td>Zindzi Wijminga<\/td>\n<td>NL<\/td>\n<\/tr>\n<tr>\n<td>Zoe Simon<\/td>\n<td>UK<\/td>\n<\/tr>\n<\/tbody>\n<\/table>\n<\/div>\n<div id=\"links\">\u00a0<\/div>    <\/div>\n<\/div>\n<!-- \/module text -->\n\t        <\/div>\n\t    \t<\/div>\n\t\t    <\/div>\n\t    <!-- \/row_inner -->\n\t<\/div>\n\t<!-- \/module_row -->\n\t<\/div>\n\n","protected":false},"excerpt":{"rendered":"<p>100% vrouw 100% vrouw was a big international art exhibition &#8220;100% FEMALE&#8221; in the Grand Church of Alkmaar (35 Km north of Amsterdam). The international exhibition &#8220;100% FEMALE&#8221; aimed to correct the stereotypical representation of women. We wanted to reflect on a more realistic representation of the role women play in our societies. Not an [&hellip;]<\/p>\n","protected":false},"author":1,"featured_media":0,"parent":0,"menu_order":0,"comment_status":"closed","ping_status":"closed","template":"","meta":{"footnotes":""},"class_list":["post-13","page","type-page","status-publish","hentry","has-post-title","has-post-date","has-post-category","has-post-tag","has-post-comment","has-post-author",""],"yoast_head":"<!-- This site is optimized with the Yoast SEO plugin v25.5 - https:\/\/yoast.com\/wordpress\/plugins\/seo\/ -->\n<title>100% vrouw Alkmaar - fifty - fifty<\/title>\n<meta name=\"robots\" content=\"index, follow, max-snippet:-1, max-image-preview:large, max-video-preview:-1\" \/>\n<link rel=\"canonical\" href=\"https:\/\/www.schwarzmalen.nl\/50-50\/100-vrouw-alkmaar\/\" \/>\n<meta property=\"og:locale\" content=\"nl_NL\" \/>\n<meta property=\"og:type\" content=\"article\" \/>\n<meta property=\"og:title\" content=\"100% vrouw Alkmaar - fifty - fifty\" \/>\n<meta property=\"og:description\" content=\"100% vrouw 100% vrouw was a big international art exhibition &#8220;100% FEMALE&#8221; in the Grand Church of Alkmaar (35 Km north of Amsterdam). The international exhibition &#8220;100% FEMALE&#8221; aimed to correct the stereotypical representation of women. We wanted to reflect on a more realistic representation of the role women play in our societies. Not an [&hellip;]\" \/>\n<meta property=\"og:url\" content=\"https:\/\/www.schwarzmalen.nl\/50-50\/100-vrouw-alkmaar\/\" \/>\n<meta property=\"og:site_name\" content=\"fifty - fifty\" \/>\n<meta property=\"article:modified_time\" content=\"2021-09-29T11:04:59+00:00\" \/>\n<meta property=\"og:image\" content=\"https:\/\/www.schwarzmalen.nl\/50-50\/wp-content\/uploads\/100vrouw-pdf-212x300-1.jpg\" \/>\n<meta name=\"twitter:card\" content=\"summary_large_image\" \/>\n<meta name=\"twitter:label1\" content=\"Geschatte leestijd\" \/>\n\t<meta name=\"twitter:data1\" content=\"3 minuten\" \/>\n<script type=\"application\/ld+json\" class=\"yoast-schema-graph\">{\"@context\":\"https:\/\/schema.org\",\"@graph\":[{\"@type\":\"WebPage\",\"@id\":\"https:\/\/www.schwarzmalen.nl\/50-50\/100-vrouw-alkmaar\/\",\"url\":\"https:\/\/www.schwarzmalen.nl\/50-50\/100-vrouw-alkmaar\/\",\"name\":\"100% vrouw Alkmaar - fifty - fifty\",\"isPartOf\":{\"@id\":\"https:\/\/www.schwarzmalen.nl\/50-50\/#website\"},\"primaryImageOfPage\":{\"@id\":\"https:\/\/www.schwarzmalen.nl\/50-50\/100-vrouw-alkmaar\/#primaryimage\"},\"image\":{\"@id\":\"https:\/\/www.schwarzmalen.nl\/50-50\/100-vrouw-alkmaar\/#primaryimage\"},\"thumbnailUrl\":\"https:\/\/www.schwarzmalen.nl\/50-50\/wp-content\/uploads\/100vrouw-pdf-212x300-1.jpg\",\"datePublished\":\"2021-05-19T21:35:26+00:00\",\"dateModified\":\"2021-09-29T11:04:59+00:00\",\"breadcrumb\":{\"@id\":\"https:\/\/www.schwarzmalen.nl\/50-50\/100-vrouw-alkmaar\/#breadcrumb\"},\"inLanguage\":\"nl-NL\",\"potentialAction\":[{\"@type\":\"ReadAction\",\"target\":[\"https:\/\/www.schwarzmalen.nl\/50-50\/100-vrouw-alkmaar\/\"]}]},{\"@type\":\"ImageObject\",\"inLanguage\":\"nl-NL\",\"@id\":\"https:\/\/www.schwarzmalen.nl\/50-50\/100-vrouw-alkmaar\/#primaryimage\",\"url\":\"https:\/\/www.schwarzmalen.nl\/50-50\/wp-content\/uploads\/100vrouw-pdf-212x300-1.jpg\",\"contentUrl\":\"https:\/\/www.schwarzmalen.nl\/50-50\/wp-content\/uploads\/100vrouw-pdf-212x300-1.jpg\",\"width\":212,\"height\":300},{\"@type\":\"BreadcrumbList\",\"@id\":\"https:\/\/www.schwarzmalen.nl\/50-50\/100-vrouw-alkmaar\/#breadcrumb\",\"itemListElement\":[{\"@type\":\"ListItem\",\"position\":1,\"name\":\"Home\",\"item\":\"https:\/\/www.schwarzmalen.nl\/50-50\/\"},{\"@type\":\"ListItem\",\"position\":2,\"name\":\"100% vrouw Alkmaar\"}]},{\"@type\":\"WebSite\",\"@id\":\"https:\/\/www.schwarzmalen.nl\/50-50\/#website\",\"url\":\"https:\/\/www.schwarzmalen.nl\/50-50\/\",\"name\":\"fifty - fifty\",\"description\":\"\",\"potentialAction\":[{\"@type\":\"SearchAction\",\"target\":{\"@type\":\"EntryPoint\",\"urlTemplate\":\"https:\/\/www.schwarzmalen.nl\/50-50\/?s={search_term_string}\"},\"query-input\":{\"@type\":\"PropertyValueSpecification\",\"valueRequired\":true,\"valueName\":\"search_term_string\"}}],\"inLanguage\":\"nl-NL\"}]}<\/script>\n<!-- \/ Yoast SEO plugin. -->","yoast_head_json":{"title":"100% vrouw Alkmaar - fifty - fifty","robots":{"index":"index","follow":"follow","max-snippet":"max-snippet:-1","max-image-preview":"max-image-preview:large","max-video-preview":"max-video-preview:-1"},"canonical":"https:\/\/www.schwarzmalen.nl\/50-50\/100-vrouw-alkmaar\/","og_locale":"nl_NL","og_type":"article","og_title":"100% vrouw Alkmaar - fifty - fifty","og_description":"100% vrouw 100% vrouw was a big international art exhibition &#8220;100% FEMALE&#8221; in the Grand Church of Alkmaar (35 Km north of Amsterdam). The international exhibition &#8220;100% FEMALE&#8221; aimed to correct the stereotypical representation of women. We wanted to reflect on a more realistic representation of the role women play in our societies. Not an [&hellip;]","og_url":"https:\/\/www.schwarzmalen.nl\/50-50\/100-vrouw-alkmaar\/","og_site_name":"fifty - fifty","article_modified_time":"2021-09-29T11:04:59+00:00","og_image":[{"url":"https:\/\/www.schwarzmalen.nl\/50-50\/wp-content\/uploads\/100vrouw-pdf-212x300-1.jpg","type":"","width":"","height":""}],"twitter_card":"summary_large_image","twitter_misc":{"Geschatte leestijd":"3 minuten"},"schema":{"@context":"https:\/\/schema.org","@graph":[{"@type":"WebPage","@id":"https:\/\/www.schwarzmalen.nl\/50-50\/100-vrouw-alkmaar\/","url":"https:\/\/www.schwarzmalen.nl\/50-50\/100-vrouw-alkmaar\/","name":"100% vrouw Alkmaar - fifty - fifty","isPartOf":{"@id":"https:\/\/www.schwarzmalen.nl\/50-50\/#website"},"primaryImageOfPage":{"@id":"https:\/\/www.schwarzmalen.nl\/50-50\/100-vrouw-alkmaar\/#primaryimage"},"image":{"@id":"https:\/\/www.schwarzmalen.nl\/50-50\/100-vrouw-alkmaar\/#primaryimage"},"thumbnailUrl":"https:\/\/www.schwarzmalen.nl\/50-50\/wp-content\/uploads\/100vrouw-pdf-212x300-1.jpg","datePublished":"2021-05-19T21:35:26+00:00","dateModified":"2021-09-29T11:04:59+00:00","breadcrumb":{"@id":"https:\/\/www.schwarzmalen.nl\/50-50\/100-vrouw-alkmaar\/#breadcrumb"},"inLanguage":"nl-NL","potentialAction":[{"@type":"ReadAction","target":["https:\/\/www.schwarzmalen.nl\/50-50\/100-vrouw-alkmaar\/"]}]},{"@type":"ImageObject","inLanguage":"nl-NL","@id":"https:\/\/www.schwarzmalen.nl\/50-50\/100-vrouw-alkmaar\/#primaryimage","url":"https:\/\/www.schwarzmalen.nl\/50-50\/wp-content\/uploads\/100vrouw-pdf-212x300-1.jpg","contentUrl":"https:\/\/www.schwarzmalen.nl\/50-50\/wp-content\/uploads\/100vrouw-pdf-212x300-1.jpg","width":212,"height":300},{"@type":"BreadcrumbList","@id":"https:\/\/www.schwarzmalen.nl\/50-50\/100-vrouw-alkmaar\/#breadcrumb","itemListElement":[{"@type":"ListItem","position":1,"name":"Home","item":"https:\/\/www.schwarzmalen.nl\/50-50\/"},{"@type":"ListItem","position":2,"name":"100% vrouw Alkmaar"}]},{"@type":"WebSite","@id":"https:\/\/www.schwarzmalen.nl\/50-50\/#website","url":"https:\/\/www.schwarzmalen.nl\/50-50\/","name":"fifty - fifty","description":"","potentialAction":[{"@type":"SearchAction","target":{"@type":"EntryPoint","urlTemplate":"https:\/\/www.schwarzmalen.nl\/50-50\/?s={search_term_string}"},"query-input":{"@type":"PropertyValueSpecification","valueRequired":true,"valueName":"search_term_string"}}],"inLanguage":"nl-NL"}]}},"builder_content":"<h1><img loading=\"lazy\" decoding=\"async\" src=\"https:\/\/www.schwarzmalen.nl\/50-50\/wp-content\/uploads\/100vrouw-pdf-212x300-1.jpg\" alt=\"\" width=\"212\" height=\"300\" \/><\/h1> <h1>100% vrouw<\/h1> <p>100% vrouw was a big international art exhibition \"100% FEMALE\" in the Grand Church of Alkmaar (35 Km north of Amsterdam). The international exhibition \"100% FEMALE\" aimed to correct the stereotypical representation of women. We wanted to reflect on a more realistic representation of the role women play in our societies. Not an activist-kind of exhibition, but a gentle action to give a face to the diversity of women in our societies. Not by banning artworks to the basement of our culture, but to add and complete.<\/p> <p>100 Female artists from all corners of this earth have shown their art in a stunning Mediaval church. The exhibition was accompanied with a programm of female singer-\/songwriters.<\/p> <p>October 24th -27th\u00a0 2019<br \/>Grand or St. Laurens Church Alkmaar<br \/>Koorstraat 2\u00a0<br \/>1811 GP Alkmaar<br \/>the Netherlands<br \/>entrance: \u20ac 10<\/p> <p><strong>Organisation<\/strong><br \/>Jeroen van Paassen \/ Stichting White Cube, Annemiek Klever en WomenLink<\/p> <p><strong>opening do. 24 okt. 18 -21u<br \/><\/strong>19.00 \u2013 19.10 preview performance Zoe Simon (UK) Pink Mermaid,<br \/>19.15 \u2013 19.40 opening, presentation DonnaTella Vergatsie,<br \/>19.45 \u2013 20.45 DJ Moth_Bzzz,<\/p> <p>vrij. 25 okt. 12 \u2013 18u<\/p> <p>za. 26 okt. 12 -18u<br \/>14.00 \u2013 14.15 performance Zoe Simon (UK) Pink Mermaid,<br \/>15.00 \u2013 15.10 performance Tamara Stone (Canada),<br \/>16.00 \u2013 17.30 singer\/songwriter Jasmine WG<\/p> <p>zo. 27 okt. 12 -18u<br \/>14.30 \u2013 15.30u debat;<br \/>mevr. M van Rossen (former mayor), Maaike Kardinaal (chairwoman Pride Alkmaar),<br \/>Naima Ajouaau (chairwoman Bureau Artikel 1 &amp; voorz. Rode Vrouwen), presentation Annemiek Klever<\/p> <p><a href=\"https:\/\/www.facebook.com\/groups\/100VROUW\" target=\"_blank\" rel=\"noopener\">https:\/\/www.facebook.com\/groups\/100VROUW<\/a><\/p>\n<h1>Deelnemers<\/h1>\n<table width=\"0\" cellspacing=\"0\" cellpadding=\"0\"> <tbody> <tr> <td>Aino Rytk\u00f6nen<\/td> <td>Finland<\/td> <\/tr> <tr> <td>Amira Al-Sharif<\/td> <td>Jemen<\/td> <\/tr> <tr> <td>Anna Cone<\/td> <td>USA<\/td> <\/tr> <tr> <td>Anne-Louise Knudsen<\/td> <td>Denemarken<\/td> <\/tr> <tr> <td>Annelise Hewitt<\/td> <td>USA<\/td> <\/tr> <tr> <td>Ans Vianen<\/td> <td>NL<\/td> <\/tr> <tr> <td>Anthea Simmonds<\/td> <td>UK<\/td> <\/tr> <tr> <td>Astrid Moors<\/td> <td>NL<\/td> <\/tr> <tr> <td>Bregtje Zitman-Deelen<\/td> <td>NL<\/td> <\/tr> <tr> <td>Carly Schmidt-Brandelius<\/td> <td>USA<\/td> <\/tr> <tr> <td>Carmen Isasi<\/td> <td>Spanje<\/td> <\/tr> <tr> <td>Caro Krebietke<\/td> <td>USA<\/td> <\/tr> <tr> <td>Charlotta K.<\/td> <td>Finland<\/td> <\/tr> <tr> <td>Choi Wong<\/td> <td>China<\/td> <\/tr> <tr> <td>Christine Morren<\/td> <td>Belgi\u00eb<\/td> <\/tr> <tr> <td>Chrystl Rijkeboer<\/td> <td>NL<\/td> <\/tr> <tr> <td>Clara van den Hout<\/td> <td>NL<\/td> <\/tr> <tr> <td>Clare Hebert<\/td> <td>USA<\/td> <\/tr> <tr> <td>Claudia Breuer<\/td> <td>Duitsland<\/td> <\/tr> <tr> <td>Claudia Gr\u00fcnig<\/td> <td>Duitsland<\/td> <\/tr> <tr> <td>Irene Anton<\/td> <td>Duitsland<\/td> <\/tr> <tr> <td>Cora de Lang<\/td> <td>Argentini\u00eb<\/td> <\/tr> <tr> <td>Cristiana de Marchi<\/td> <td>Libanon<\/td> <\/tr> <tr> <td>Debbie Voerman<\/td> <td>NL<\/td> <\/tr> <tr> <td>Denise Fr\u00e9chet<\/td> <td>Frankrijk<\/td> <\/tr> <tr> <td>Diane Meyer<\/td> <td>USA<\/td> <\/tr> <tr> <td>Eca Eps<\/td> <td>Nigeria<\/td> <\/tr> <tr> <td>Edith van Campfoort<\/td> <td>NL<\/td> <\/tr> <tr> <td>Elizabeth Holmes &amp; Tamara Stone\u00a0<\/td> <td>USA<\/td> <\/tr> <tr> <td>Emma Nurminen<\/td> <td>Finland<\/td> <\/tr> <tr> <td>Esther Hans<\/td> <td>NL<\/td> <\/tr> <tr> <td>Evelien de Jong<\/td> <td>NL<\/td> <\/tr> <tr> <td>Fatima Jawdat<\/td> <td>Irak<\/td> <\/tr> <tr> <td>Fatimah Hossaini\u00a0\u00a0\u00a0\u00a0\u00a0\u00a0\u00a0\u00a0\u00a0\u00a0\u00a0\u00a0\u00a0\u00a0\u00a0\u00a0\u00a0\u00a0\u00a0\u00a0\u00a0\u00a0\u00a0\u00a0<\/td> <td>Afghanistan<\/td> <\/tr> <tr> <td>Froso Papadimitriou<\/td> <td>Griekenland<\/td> <\/tr> <tr> <td>Gaby Gardenas<\/td> <td>Ecuador<\/td> <\/tr> <tr> <td>G\u00edgja Reynisd\u00f3ttir<\/td> <td>IJsland<\/td> <\/tr> <tr> <td>Grietje Bouman<\/td> <td>NL<\/td> <\/tr> <tr> <td>Guda Koster<\/td> <td>NL<\/td> <\/tr> <tr> <td>Haitao Liu<\/td> <td>China<\/td> <\/tr> <tr> <td>Ilona Tala<\/td> <td>Finland<\/td> <\/tr> <tr> <td>Iris Poljan<\/td> <td>Kroati\u00eb<\/td> <\/tr> <tr> <td>Jasmine de Vries<\/td> <td>NL<\/td> <\/tr> <tr> <td>Jonna Pedersen<\/td> <td>Denemarken<\/td> <\/tr> <tr> <td>Jos\u00e9 Krijnen<\/td> <td>NL<\/td> <\/tr> <tr> <td>Joyce Overheul<\/td> <td>NL<\/td> <\/tr> <tr> <td>J\u00falia Kov\u00e1cs<\/td> <td>Kroati\u00eb<\/td> <\/tr> <tr> <td>Karin van Bodegom\u00a0\u00a0\u00a0\u00a0\u00a0\u00a0\u00a0\u00a0\u00a0\u00a0\u00a0\u00a0\u00a0\u00a0\u00a0\u00a0\u00a0\u00a0\u00a0\u00a0<\/td> <td>NL<\/td> <\/tr> <tr> <td>Karin van der Molen\u00a0\u00a0\u00a0\u00a0\u00a0\u00a0\u00a0\u00a0\u00a0\u00a0\u00a0\u00a0\u00a0\u00a0\u00a0\u00a0\u00a0\u00a0\u00a0\u00a0<\/td> <td>NL<\/td> <\/tr> <tr> <td>Kate Studley<\/td> <td>UK<\/td> <\/tr> <tr> <td>Katrine van Klaveren\u00a0\u00a0\u00a0\u00a0\u00a0\u00a0\u00a0\u00a0\u00a0\u00a0\u00a0\u00a0\u00a0\u00a0\u00a0\u00a0\u00a0\u00a0<\/td> <td>NL<\/td> <\/tr> <tr> <td>Kitty van der Veer<\/td> <td>NL<\/td> <\/tr> <tr> <td>Lasse (Ritva) Larsson<\/td> <td>Finland<\/td> <\/tr> <tr> <td>Laura Scheringa<\/td> <td>NL<\/td> <\/tr> <tr> <td>Laura van Dijk<\/td> <td>NL<\/td> <\/tr> <tr> <td>Leena Vainio<\/td> <td>Finland<\/td> <\/tr> <tr> <td>Lilith Love<\/td> <td>NL<\/td> <\/tr> <tr> <td>Lupe Godoy<\/td> <td>Spanje<\/td> <\/tr> <tr> <td>Manuela Corti<\/td> <td>Itali\u00eb<\/td> <\/tr> <tr> <td>Maren Hoch<\/td> <td>Duitsland<\/td> <\/tr> <tr> <td>Margo van der Pool<\/td> <td>NL<\/td> <\/tr> <tr> <td>Margriet van Engelen<\/td> <td>NL<\/td> <\/tr> <tr> <td>Mari Terauchi<\/td> <td>Japan<\/td> <\/tr> <tr> <td>Maria Korporal<\/td> <td>NL<\/td> <\/tr> <tr> <td>Maria Wolfram<\/td> <td>Finland<\/td> <\/tr> <tr> <td>Marija Kondres<\/td> <td>Kroati\u00eb<\/td> <\/tr> <tr> <td>Marja van Putten<\/td> <td>NL<\/td> <\/tr> <tr> <td>Mia Rantavaara &amp; \u2026<\/td> <td>Finland<\/td> <\/tr> <tr> <td>Mo Verlaan<\/td> <td>NL<\/td> <\/tr> <tr> <td>Monika Rathoff-Troll<\/td> <td>Duitsland<\/td> <\/tr> <tr> <td>Natana Rose<\/td> <td>USA<\/td> <\/tr> <tr> <td>Noa Zuidervaart<\/td> <td>NL<\/td> <\/tr> <tr> <td>Pernille Lonstrup<\/td> <td>Denemarken<\/td> <\/tr> <tr> <td>Petra Geiser<\/td> <td>Duitsland<\/td> <\/tr> <tr> <td>Petra Groen<\/td> <td>NL<\/td> <\/tr> <tr> <td>Phil Bosch<\/td> <td>NL<\/td> <\/tr> <tr> <td>Pike R\u00e4s\u00e4nen<\/td> <td>Finland<\/td> <\/tr> <tr> <td>Reggie Voigtl\u00e4nder<\/td> <td>NL<\/td> <\/tr> <tr> <td>Robin Kolleman<\/td> <td>NL<\/td> <\/tr> <tr> <td>Rolina Nell<\/td> <td>UK<\/td> <\/tr> <tr> <td>Rosalia Silfer<\/td> <td>Duitsland<\/td> <\/tr> <tr> <td>Saara Nurmi<\/td> <td>Finland<\/td> <\/tr> <tr> <td>Sabrina Shikhlinskaya<\/td> <td>Azerbeidzjan<\/td> <\/tr> <tr> <td>Sabrina Tacci<\/td> <td>Itali\u00eb<\/td> <\/tr> <tr> <td>Siiri Nevalainen<\/td> <td>Finland<\/td> <\/tr> <tr> <td>Sondra Schwetman<\/td> <td>Finland<\/td> <\/tr> <tr> <td>Susana Mulas Lastra<\/td> <td>Spanje<\/td> <\/tr> <tr> <td>Star Trauth<\/td> <td>USA<\/td> <\/tr> <tr> <td>Studio Kunst &amp; Beeld<\/td> <td>NL<\/td> <\/tr> <tr> <td>Talitha Schiffer<\/td> <td>NL<\/td> <\/tr> <tr> <td>Tatum Kempers<\/td> <td>NL<\/td> <\/tr> <tr> <td>Tisna Westerhof<\/td> <td>NL<\/td> <\/tr> <tr> <td>Viktoria Gudnadottir<\/td> <td>IJsland<\/td> <\/tr> <tr> <td>Vlasta Mijac<\/td> <td>Kroati\u00eb<\/td> <\/tr> <tr> <td>Ye\u015fim A\u011fao\u011flu<\/td> <td>Turkije<\/td> <\/tr> <tr> <td>Zara Aleksandrova<\/td> <td>Bulgarije<\/td> <\/tr> <tr> <td>Zen van Bommel<\/td> <td>NL<\/td> <\/tr> <tr> <td>Zhang Lanqian<\/td> <td>China<\/td> <\/tr> <tr> <td>Zindzi Wijminga<\/td> <td>NL<\/td> <\/tr> <tr> <td>Zoe Simon<\/td> <td>UK<\/td> <\/tr> <\/tbody> <\/table>\n\u00a0","_links":{"self":[{"href":"https:\/\/www.schwarzmalen.nl\/50-50\/wp-json\/wp\/v2\/pages\/13","targetHints":{"allow":["GET"]}}],"collection":[{"href":"https:\/\/www.schwarzmalen.nl\/50-50\/wp-json\/wp\/v2\/pages"}],"about":[{"href":"https:\/\/www.schwarzmalen.nl\/50-50\/wp-json\/wp\/v2\/types\/page"}],"author":[{"embeddable":true,"href":"https:\/\/www.schwarzmalen.nl\/50-50\/wp-json\/wp\/v2\/users\/1"}],"replies":[{"embeddable":true,"href":"https:\/\/www.schwarzmalen.nl\/50-50\/wp-json\/wp\/v2\/comments?post=13"}],"version-history":[{"count":10,"href":"https:\/\/www.schwarzmalen.nl\/50-50\/wp-json\/wp\/v2\/pages\/13\/revisions"}],"predecessor-version":[{"id":400,"href":"https:\/\/www.schwarzmalen.nl\/50-50\/wp-json\/wp\/v2\/pages\/13\/revisions\/400"}],"wp:attachment":[{"href":"https:\/\/www.schwarzmalen.nl\/50-50\/wp-json\/wp\/v2\/media?parent=13"}],"curies":[{"name":"wp","href":"https:\/\/api.w.org\/{rel}","templated":true}]}}